{"id":713,"date":"2021-05-10T15:04:12","date_gmt":"2021-05-10T13:04:12","guid":{"rendered":"https:\/\/nextgeneration.paeria.cat\/web\/?page_id=713"},"modified":"2021-09-03T09:08:35","modified_gmt":"2021-09-03T07:08:35","slug":"que-es-nextgeneration","status":"publish","type":"page","link":"https:\/\/nextgeneration.paeria.cat\/web\/que-es-nextgeneration\/","title":{"rendered":"Qu\u00e8 \u00e9s Nextgeneration"},"content":{"rendered":"\t\t<div data-elementor-type=\"wp-page\" data-elementor-id=\"713\" class=\"elementor elementor-713\">\n\t\t\t\t\t\t<section class=\"elementor-section elementor-top-section elementor-element elementor-element-bf555f7 elementor-section-boxed elementor-section-height-default elementor-section-height-default\" data-id=\"bf555f7\" data-element_type=\"section\" data-e-type=\"section\">\n\t\t\t\t\t\t<div class=\"elementor-container elementor-column-gap-default\">\n\t\t\t\t\t<div class=\"elementor-column elementor-col-100 elementor-top-column elementor-element elementor-element-02fde65\" data-id=\"02fde65\" data-element_type=\"column\" data-e-type=\"column\">\n\t\t\t<div class=\"elementor-widget-wrap elementor-element-populated\">\n\t\t\t\t\t\t<div class=\"elementor-element elementor-element-819d07a elementor-widget elementor-widget-text-editor\" data-id=\"819d07a\" data-element_type=\"widget\" data-e-type=\"widget\" data-widget_type=\"text-editor.default\">\n\t\t\t\t<div class=\"elementor-widget-container\">\n\t\t\t\t\t\t\t\t\tNext Generation EU \u00e9s l&#8217;instrument temporal de recuperaci\u00f3 aprovat per les institucions europees, dotat amb 750.000 milions d&#8217;euros, i que contribuir\u00e0 a reparar els danys econ\u00f2mics i socials immediats causats per la pand\u00e8mia del coronavirus. Aquests fons podran utilitzar-se per concedir pr\u00e9stecs reemborsables per un volum de fins a 360.000 milions d&#8217;euros i transfer\u00e8ncies no reemborsables per una quantitat de 390.000 milions d&#8217;euros. El desemborsament d&#8217;aquests imports es realitzar\u00e0 al llarg de 6 anys, fins a finals de 2026.\n\nEl pressupost a llarg termini de la UE, juntament amb Next Generation EU, ser\u00e0 el major paquet d&#8217;est\u00edmul mai finan\u00e7at a trav\u00e9s del pressupost de la UE. Un total de 1,8 bilions d&#8217;euros ajudar\u00e0 a reconstruir l&#8217;Europa posterior a la COVID-19, que ser\u00e0 m\u00e9s ecol\u00f2gica, digital i resilient.\n\nL&#8217;instrument Next Generation EU assignar\u00e0 recursos als Estats membres de la UE en base als projectes d&#8217;inversi\u00f3 que els estats han presentat, i que han d&#8217;estar emmarcats en els set \u00e0mbits emblem\u00e0tics destacats per la Comissi\u00f3 Europea:\n<ol>\n \t<li>Tecnologies netes i acceleraci\u00f3 del desenvolupament i l&#8217;\u00fas de les energies renovables.<\/li>\n \t<li>Millora de l&#8217;efici\u00e8ncia energ\u00e8tica dels edificis.<\/li>\n \t<li>Foment de tecnologies netes per accelerar l&#8217;\u00fas d&#8217;un transport sostenible, accessible i intel\u00b7ligent.<\/li>\n \t<li>Desplegament r\u00e0pid de serveis de banda ampla r\u00e0pida en totes les regions i llars, incloses les xarxes de fibra i 5G.<\/li>\n \t<li>Digitalitzaci\u00f3 de l&#8217;Administraci\u00f3 i els serveis p\u00fablics.<\/li>\n \t<li>Augment de les capacitats industrials en mat\u00e8ria de dades en el n\u00favol i desenvolupament de processadors d&#8217;\u00faltima generaci\u00f3 i sostenibles.<\/li>\n \t<li>Adaptaci\u00f3 dels sistemes educatius en suport de les compet\u00e8ncies digitals i l&#8217;educaci\u00f3 i formaci\u00f3 professional en totes les edats. En el cas d&#8217;Espanya, la Comissi\u00f3 Europea va aprovar el 16 juny de 2021 el Pla de Recuperaci\u00f3, Transformaci\u00f3 i Resili\u00e8ncia d&#8217;Espanya. Es tracta d&#8217;un pas important cap el desemborsament de 69 500 milions d&#8217;euros en subvencions de la UE a trav\u00e9s del Mecanisme de recuperaci\u00f3 i resili\u00e8ncia per al per\u00edode 2021\u20132026.<\/li>\n<\/ol>\n<u>M\u00e9s informaci\u00f3<\/u>: \n<ul>\n\t<li><a title=\"Pla de Recuperaci\u00f3 per a Europa\" href=\"https:\/\/ec.europa.eu\/info\/strategy\/recovery-plan-europe_es#nextgenerationeu\" target=\"_blank\" rel=\"noopener\">Pla de Recuperaci\u00f3 per a Europa &#8211; Comissi\u00f3 Europea<\/a><\/li>\n\t<li><a title=\"P\u00e0gina web del Govern espanyol sobre el Pla de Recuperaci\u00f3, Transformaci\u00f3 i Resili\u00e8ncia i el Pla de Recuperaci\u00f3 per a Europa Next Generation EU\" href=\"https:\/\/planderecuperacion.gob.es\/\" target=\"_blank\" rel=\"noopener\">P\u00e0gina web del Govern espanyol sobre el Pla de Recuperaci\u00f3, Transformaci\u00f3 i Resili\u00e8ncia i el Pla de Recuperaci\u00f3 per a Europa Next Generation EU<\/a><\/li><\/li>\n<\/ul>\n\n\t\t\t\t\t\t\t\t<\/div>\n\t\t\t\t<\/div>\n\t\t\t\t\t<\/div>\n\t\t<\/div>\n\t\t\t\t\t<\/div>\n\t\t<\/section>\n\t\t\t\t<\/div>\n\t\t","protected":false},"excerpt":{"rendered":"<p>Next Generation EU \u00e9s l&#8217;instrument temporal de recuperaci\u00f3 aprovat per les institucions europees, dotat amb 750.000 milions d&#8217;euros, i que contribuir\u00e0 a reparar els danys econ\u00f2mics i socials immediats causats per la pand\u00e8mia del coronavirus. Aquests fons podran utilitzar-se per concedir pr\u00e9stecs reemborsables per un volum de fins a 360.000 milions d&#8217;euros i transfer\u00e8ncies no &#8230; <a title=\"Qu\u00e8 \u00e9s Nextgeneration\" class=\"read-more\" href=\"https:\/\/nextgeneration.paeria.cat\/web\/que-es-nextgeneration\/\" aria-label=\"M\u00e9s informaci\u00f3 sobre Qu\u00e8 \u00e9s Nextgeneration\">Llegiu m\u00e9s<\/a><\/p>\n","protected":false},"author":2,"featured_media":0,"parent":0,"menu_order":0,"comment_status":"closed","ping_status":"closed","template":"","meta":{"_sitemap_exclude":false,"_sitemap_priority":"","_sitemap_frequency":"","footnotes":""},"class_list":["post-713","page","type-page","status-publish"],"yoast_head":"<!-- This site is optimized with the Yoast SEO plugin v27.5 - https:\/\/yoast.com\/product\/yoast-seo-wordpress\/ -->\n<title>Qu\u00e8 \u00e9s Nextgeneration - Next Generation Lleida - Propostes de projectes - La Paeria - Ajuntament de Lleida<\/title>\n<meta name=\"robots\" content=\"index, follow, max-snippet:-1, max-image-preview:large, max-video-preview:-1\" \/>\n<link rel=\"canonical\" href=\"https:\/\/nextgeneration.paeria.cat\/web\/que-es-nextgeneration\/\" \/>\n<meta property=\"og:locale\" content=\"ca_ES\" \/>\n<meta property=\"og:type\" content=\"article\" \/>\n<meta property=\"og:title\" content=\"Qu\u00e8 \u00e9s Nextgeneration - Next Generation Lleida - Propostes de projectes - La Paeria - Ajuntament de Lleida\" \/>\n<meta property=\"og:description\" content=\"Next Generation EU \u00e9s l&#8217;instrument temporal de recuperaci\u00f3 aprovat per les institucions europees, dotat amb 750.000 milions d&#8217;euros, i que contribuir\u00e0 a reparar els danys econ\u00f2mics i socials immediats causats per la pand\u00e8mia del coronavirus. Aquests fons podran utilitzar-se per concedir pr\u00e9stecs reemborsables per un volum de fins a 360.000 milions d&#8217;euros i transfer\u00e8ncies no ... Llegiu m\u00e9s\" \/>\n<meta property=\"og:url\" content=\"https:\/\/nextgeneration.paeria.cat\/web\/que-es-nextgeneration\/\" \/>\n<meta property=\"og:site_name\" content=\"Next Generation Lleida - Propostes de projectes - La Paeria - Ajuntament de Lleida\" \/>\n<meta property=\"article:modified_time\" content=\"2021-09-03T07:08:35+00:00\" \/>\n<meta name=\"twitter:card\" content=\"summary_large_image\" \/>\n<meta name=\"twitter:label1\" content=\"Temps estimat de lectura\" \/>\n\t<meta name=\"twitter:data1\" content=\"2 minuts\" \/>\n<script type=\"application\/ld+json\" class=\"yoast-schema-graph\">{\"@context\":\"https:\\\/\\\/schema.org\",\"@graph\":[{\"@type\":\"WebPage\",\"@id\":\"https:\\\/\\\/nextgeneration.paeria.cat\\\/web\\\/que-es-nextgeneration\\\/\",\"url\":\"https:\\\/\\\/nextgeneration.paeria.cat\\\/web\\\/que-es-nextgeneration\\\/\",\"name\":\"Qu\u00e8 \u00e9s Nextgeneration - Next Generation Lleida - Propostes de projectes - La Paeria - Ajuntament de Lleida\",\"isPartOf\":{\"@id\":\"https:\\\/\\\/nextgeneration.paeria.cat\\\/web\\\/#website\"},\"datePublished\":\"2021-05-10T13:04:12+00:00\",\"dateModified\":\"2021-09-03T07:08:35+00:00\",\"breadcrumb\":{\"@id\":\"https:\\\/\\\/nextgeneration.paeria.cat\\\/web\\\/que-es-nextgeneration\\\/#breadcrumb\"},\"inLanguage\":\"ca\",\"potentialAction\":[{\"@type\":\"ReadAction\",\"target\":[\"https:\\\/\\\/nextgeneration.paeria.cat\\\/web\\\/que-es-nextgeneration\\\/\"]}]},{\"@type\":\"BreadcrumbList\",\"@id\":\"https:\\\/\\\/nextgeneration.paeria.cat\\\/web\\\/que-es-nextgeneration\\\/#breadcrumb\",\"itemListElement\":[{\"@type\":\"ListItem\",\"position\":1,\"name\":\"Inici\",\"item\":\"https:\\\/\\\/nextgeneration.paeria.cat\\\/web\\\/\"},{\"@type\":\"ListItem\",\"position\":2,\"name\":\"Qu\u00e8 \u00e9s Nextgeneration\"}]},{\"@type\":\"WebSite\",\"@id\":\"https:\\\/\\\/nextgeneration.paeria.cat\\\/web\\\/#website\",\"url\":\"https:\\\/\\\/nextgeneration.paeria.cat\\\/web\\\/\",\"name\":\"Next Generation Lleida - Propostes de projectes - La Paeria - Ajuntament de Lleida\",\"description\":\"\",\"publisher\":{\"@id\":\"https:\\\/\\\/nextgeneration.paeria.cat\\\/web\\\/#organization\"},\"potentialAction\":[{\"@type\":\"SearchAction\",\"target\":{\"@type\":\"EntryPoint\",\"urlTemplate\":\"https:\\\/\\\/nextgeneration.paeria.cat\\\/web\\\/?s={search_term_string}\"},\"query-input\":{\"@type\":\"PropertyValueSpecification\",\"valueRequired\":true,\"valueName\":\"search_term_string\"}}],\"inLanguage\":\"ca\"},{\"@type\":\"Organization\",\"@id\":\"https:\\\/\\\/nextgeneration.paeria.cat\\\/web\\\/#organization\",\"name\":\"Next Generation Lleida - Propostes de projectes - La Paeria - Ajuntament de Lleida\",\"url\":\"https:\\\/\\\/nextgeneration.paeria.cat\\\/web\\\/\",\"logo\":{\"@type\":\"ImageObject\",\"inLanguage\":\"ca\",\"@id\":\"https:\\\/\\\/nextgeneration.paeria.cat\\\/web\\\/#\\\/schema\\\/logo\\\/image\\\/\",\"url\":\"https:\\\/\\\/nextgeneration.paeria.cat\\\/web\\\/wp-content\\\/uploads\\\/2023\\\/09\\\/cropped-titol.png\",\"contentUrl\":\"https:\\\/\\\/nextgeneration.paeria.cat\\\/web\\\/wp-content\\\/uploads\\\/2023\\\/09\\\/cropped-titol.png\",\"width\":1100,\"height\":220,\"caption\":\"Next Generation Lleida - Propostes de projectes - La Paeria - Ajuntament de Lleida\"},\"image\":{\"@id\":\"https:\\\/\\\/nextgeneration.paeria.cat\\\/web\\\/#\\\/schema\\\/logo\\\/image\\\/\"}}]}<\/script>\n<!-- \/ Yoast SEO plugin. -->","yoast_head_json":{"title":"Qu\u00e8 \u00e9s Nextgeneration - Next Generation Lleida - Propostes de projectes - La Paeria - Ajuntament de Lleida","robots":{"index":"index","follow":"follow","max-snippet":"max-snippet:-1","max-image-preview":"max-image-preview:large","max-video-preview":"max-video-preview:-1"},"canonical":"https:\/\/nextgeneration.paeria.cat\/web\/que-es-nextgeneration\/","og_locale":"ca_ES","og_type":"article","og_title":"Qu\u00e8 \u00e9s Nextgeneration - Next Generation Lleida - Propostes de projectes - La Paeria - Ajuntament de Lleida","og_description":"Next Generation EU \u00e9s l&#8217;instrument temporal de recuperaci\u00f3 aprovat per les institucions europees, dotat amb 750.000 milions d&#8217;euros, i que contribuir\u00e0 a reparar els danys econ\u00f2mics i socials immediats causats per la pand\u00e8mia del coronavirus. Aquests fons podran utilitzar-se per concedir pr\u00e9stecs reemborsables per un volum de fins a 360.000 milions d&#8217;euros i transfer\u00e8ncies no ... Llegiu m\u00e9s","og_url":"https:\/\/nextgeneration.paeria.cat\/web\/que-es-nextgeneration\/","og_site_name":"Next Generation Lleida - Propostes de projectes - La Paeria - Ajuntament de Lleida","article_modified_time":"2021-09-03T07:08:35+00:00","twitter_card":"summary_large_image","twitter_misc":{"Temps estimat de lectura":"2 minuts"},"schema":{"@context":"https:\/\/schema.org","@graph":[{"@type":"WebPage","@id":"https:\/\/nextgeneration.paeria.cat\/web\/que-es-nextgeneration\/","url":"https:\/\/nextgeneration.paeria.cat\/web\/que-es-nextgeneration\/","name":"Qu\u00e8 \u00e9s Nextgeneration - Next Generation Lleida - Propostes de projectes - La Paeria - Ajuntament de Lleida","isPartOf":{"@id":"https:\/\/nextgeneration.paeria.cat\/web\/#website"},"datePublished":"2021-05-10T13:04:12+00:00","dateModified":"2021-09-03T07:08:35+00:00","breadcrumb":{"@id":"https:\/\/nextgeneration.paeria.cat\/web\/que-es-nextgeneration\/#breadcrumb"},"inLanguage":"ca","potentialAction":[{"@type":"ReadAction","target":["https:\/\/nextgeneration.paeria.cat\/web\/que-es-nextgeneration\/"]}]},{"@type":"BreadcrumbList","@id":"https:\/\/nextgeneration.paeria.cat\/web\/que-es-nextgeneration\/#breadcrumb","itemListElement":[{"@type":"ListItem","position":1,"name":"Inici","item":"https:\/\/nextgeneration.paeria.cat\/web\/"},{"@type":"ListItem","position":2,"name":"Qu\u00e8 \u00e9s Nextgeneration"}]},{"@type":"WebSite","@id":"https:\/\/nextgeneration.paeria.cat\/web\/#website","url":"https:\/\/nextgeneration.paeria.cat\/web\/","name":"Next Generation Lleida - Propostes de projectes - La Paeria - Ajuntament de Lleida","description":"","publisher":{"@id":"https:\/\/nextgeneration.paeria.cat\/web\/#organization"},"potentialAction":[{"@type":"SearchAction","target":{"@type":"EntryPoint","urlTemplate":"https:\/\/nextgeneration.paeria.cat\/web\/?s={search_term_string}"},"query-input":{"@type":"PropertyValueSpecification","valueRequired":true,"valueName":"search_term_string"}}],"inLanguage":"ca"},{"@type":"Organization","@id":"https:\/\/nextgeneration.paeria.cat\/web\/#organization","name":"Next Generation Lleida - Propostes de projectes - La Paeria - Ajuntament de Lleida","url":"https:\/\/nextgeneration.paeria.cat\/web\/","logo":{"@type":"ImageObject","inLanguage":"ca","@id":"https:\/\/nextgeneration.paeria.cat\/web\/#\/schema\/logo\/image\/","url":"https:\/\/nextgeneration.paeria.cat\/web\/wp-content\/uploads\/2023\/09\/cropped-titol.png","contentUrl":"https:\/\/nextgeneration.paeria.cat\/web\/wp-content\/uploads\/2023\/09\/cropped-titol.png","width":1100,"height":220,"caption":"Next Generation Lleida - Propostes de projectes - La Paeria - Ajuntament de Lleida"},"image":{"@id":"https:\/\/nextgeneration.paeria.cat\/web\/#\/schema\/logo\/image\/"}}]}},"_links":{"self":[{"href":"https:\/\/nextgeneration.paeria.cat\/web\/wp-json\/wp\/v2\/pages\/713","targetHints":{"allow":["GET"]}}],"collection":[{"href":"https:\/\/nextgeneration.paeria.cat\/web\/wp-json\/wp\/v2\/pages"}],"about":[{"href":"https:\/\/nextgeneration.paeria.cat\/web\/wp-json\/wp\/v2\/types\/page"}],"author":[{"embeddable":true,"href":"https:\/\/nextgeneration.paeria.cat\/web\/wp-json\/wp\/v2\/users\/2"}],"replies":[{"embeddable":true,"href":"https:\/\/nextgeneration.paeria.cat\/web\/wp-json\/wp\/v2\/comments?post=713"}],"version-history":[{"count":41,"href":"https:\/\/nextgeneration.paeria.cat\/web\/wp-json\/wp\/v2\/pages\/713\/revisions"}],"predecessor-version":[{"id":1597,"href":"https:\/\/nextgeneration.paeria.cat\/web\/wp-json\/wp\/v2\/pages\/713\/revisions\/1597"}],"wp:attachment":[{"href":"https:\/\/nextgeneration.paeria.cat\/web\/wp-json\/wp\/v2\/media?parent=713"}],"curies":[{"name":"wp","href":"https:\/\/api.w.org\/{rel}","templated":true}]}}