{"id":715,"date":"2021-05-10T15:04:35","date_gmt":"2021-05-10T13:04:35","guid":{"rendered":"https:\/\/nextgeneration.paeria.cat\/web\/?page_id=715"},"modified":"2024-01-19T14:44:35","modified_gmt":"2024-01-19T12:44:35","slug":"consell-tecnic","status":"publish","type":"page","link":"https:\/\/nextgeneration.paeria.cat\/web\/consell-tecnic\/","title":{"rendered":"Consell T\u00e8cnic"},"content":{"rendered":"\t\t<div data-elementor-type=\"wp-page\" data-elementor-id=\"715\" class=\"elementor elementor-715\">\n\t\t\t\t\t\t<section class=\"elementor-section elementor-top-section elementor-element elementor-element-72dce53 elementor-section-boxed elementor-section-height-default elementor-section-height-default\" data-id=\"72dce53\" data-element_type=\"section\" data-e-type=\"section\">\n\t\t\t\t\t\t<div class=\"elementor-container elementor-column-gap-default\">\n\t\t\t\t\t<div class=\"elementor-column elementor-col-100 elementor-top-column elementor-element elementor-element-6391686\" data-id=\"6391686\" data-element_type=\"column\" data-e-type=\"column\">\n\t\t\t<div class=\"elementor-widget-wrap elementor-element-populated\">\n\t\t\t\t\t\t<div class=\"elementor-element elementor-element-90c6c8c elementor-widget elementor-widget-text-editor\" data-id=\"90c6c8c\" data-element_type=\"widget\" data-e-type=\"widget\" data-widget_type=\"text-editor.default\">\n\t\t\t\t<div class=\"elementor-widget-container\">\n\t\t\t\t\t\t\t\t\t<p>Amb l\u2019objectiu d\u2019avan\u00e7ar en aquesta iniciativa clau per a la recuperaci\u00f3 de la ciutat, constituir formalment el Consell T\u00e8cnic Next Generation Lleida, format per les persones seg\u00fcents:<\/p><ul><li>El\/La regidora competent en mat\u00e8ria de Next Generation, que ostentar\u00e0 la Presid\u00e8ncia.<\/li><li>El\/La Director\/a Executiu\/va o el Coordinador General i Econ\u00f2mic, que substituir\u00e0 la Presid\u00e8ncia en cas d\u2019abs\u00e8ncia.<\/li><li>El\/La Director\/a Adjunt\/a d\u2019Agenda Urbana.<\/li><li>El\/La Director\/a Adjunt\/a de Promoci\u00f3 de la Ciutat.<\/li><li>El\/La Director\/a Adjunt\/a d\u2019Innovaci\u00f3 Social.<\/li><li>El\/La Responsable-Coordinador\/a d\u2019Inform\u00e0tica i Tecnologia.<\/li><li>L\u2019Assessora T\u00e8cnica Especial de Comunicaci\u00f3.<\/li><li>Una t\u00e8cnica de comunicaci\u00f3.<\/li><li>La t\u00e8cnica de Projecci\u00f3 Exterior, que actuar\u00e0 com a secret\u00e0ria t\u00e8cnica.<\/li><\/ul><p>Podran assistir a les reunions els i les responsables coordinadors\/es de la Paeria i\/o els caps de servei quan siguin convocats a l\u2019efecte.<\/p>\t\t\t\t\t\t\t\t<\/div>\n\t\t\t\t<\/div>\n\t\t\t\t\t<\/div>\n\t\t<\/div>\n\t\t\t\t\t<\/div>\n\t\t<\/section>\n\t\t\t\t<\/div>\n\t\t","protected":false},"excerpt":{"rendered":"<p>Amb l\u2019objectiu d\u2019avan\u00e7ar en aquesta iniciativa clau per a la recuperaci\u00f3 de la ciutat, constituir formalment el Consell T\u00e8cnic Next Generation Lleida, format per les persones seg\u00fcents: El\/La regidora competent en mat\u00e8ria de Next Generation, que ostentar\u00e0 la Presid\u00e8ncia. El\/La Director\/a Executiu\/va o el Coordinador General i Econ\u00f2mic, que substituir\u00e0 la Presid\u00e8ncia en cas d\u2019abs\u00e8ncia. &#8230; <a title=\"Consell T\u00e8cnic\" class=\"read-more\" href=\"https:\/\/nextgeneration.paeria.cat\/web\/consell-tecnic\/\" aria-label=\"M\u00e9s informaci\u00f3 sobre Consell T\u00e8cnic\">Llegiu m\u00e9s<\/a><\/p>\n","protected":false},"author":2,"featured_media":0,"parent":0,"menu_order":0,"comment_status":"closed","ping_status":"closed","template":"","meta":{"_sitemap_exclude":false,"_sitemap_priority":"","_sitemap_frequency":"","footnotes":""},"class_list":["post-715","page","type-page","status-publish"],"yoast_head":"<!-- This site is optimized with the Yoast SEO plugin v27.6 - https:\/\/yoast.com\/product\/yoast-seo-wordpress\/ -->\n<title>Consell T\u00e8cnic - Next Generation Lleida - Propostes de projectes - La Paeria - Ajuntament de Lleida<\/title>\n<meta name=\"robots\" content=\"index, follow, max-snippet:-1, max-image-preview:large, max-video-preview:-1\" \/>\n<link rel=\"canonical\" href=\"https:\/\/nextgeneration.paeria.cat\/web\/consell-tecnic\/\" \/>\n<meta property=\"og:locale\" content=\"ca_ES\" \/>\n<meta property=\"og:type\" content=\"article\" \/>\n<meta property=\"og:title\" content=\"Consell T\u00e8cnic - Next Generation Lleida - Propostes de projectes - La Paeria - Ajuntament de Lleida\" \/>\n<meta property=\"og:description\" content=\"Amb l\u2019objectiu d\u2019avan\u00e7ar en aquesta iniciativa clau per a la recuperaci\u00f3 de la ciutat, constituir formalment el Consell T\u00e8cnic Next Generation Lleida, format per les persones seg\u00fcents: El\/La regidora competent en mat\u00e8ria de Next Generation, que ostentar\u00e0 la Presid\u00e8ncia. El\/La Director\/a Executiu\/va o el Coordinador General i Econ\u00f2mic, que substituir\u00e0 la Presid\u00e8ncia en cas d\u2019abs\u00e8ncia. ... Llegiu m\u00e9s\" \/>\n<meta property=\"og:url\" content=\"https:\/\/nextgeneration.paeria.cat\/web\/consell-tecnic\/\" \/>\n<meta property=\"og:site_name\" content=\"Next Generation Lleida - Propostes de projectes - La Paeria - Ajuntament de Lleida\" \/>\n<meta property=\"article:modified_time\" content=\"2024-01-19T12:44:35+00:00\" \/>\n<meta name=\"twitter:card\" content=\"summary_large_image\" \/>\n<meta name=\"twitter:label1\" content=\"Temps estimat de lectura\" \/>\n\t<meta name=\"twitter:data1\" content=\"1 minut\" \/>\n<script type=\"application\/ld+json\" class=\"yoast-schema-graph\">{\"@context\":\"https:\\\/\\\/schema.org\",\"@graph\":[{\"@type\":\"WebPage\",\"@id\":\"https:\\\/\\\/nextgeneration.paeria.cat\\\/web\\\/consell-tecnic\\\/\",\"url\":\"https:\\\/\\\/nextgeneration.paeria.cat\\\/web\\\/consell-tecnic\\\/\",\"name\":\"Consell T\u00e8cnic - Next Generation Lleida - Propostes de projectes - La Paeria - Ajuntament de Lleida\",\"isPartOf\":{\"@id\":\"https:\\\/\\\/nextgeneration.paeria.cat\\\/web\\\/#website\"},\"datePublished\":\"2021-05-10T13:04:35+00:00\",\"dateModified\":\"2024-01-19T12:44:35+00:00\",\"breadcrumb\":{\"@id\":\"https:\\\/\\\/nextgeneration.paeria.cat\\\/web\\\/consell-tecnic\\\/#breadcrumb\"},\"inLanguage\":\"ca\",\"potentialAction\":[{\"@type\":\"ReadAction\",\"target\":[\"https:\\\/\\\/nextgeneration.paeria.cat\\\/web\\\/consell-tecnic\\\/\"]}]},{\"@type\":\"BreadcrumbList\",\"@id\":\"https:\\\/\\\/nextgeneration.paeria.cat\\\/web\\\/consell-tecnic\\\/#breadcrumb\",\"itemListElement\":[{\"@type\":\"ListItem\",\"position\":1,\"name\":\"Inici\",\"item\":\"https:\\\/\\\/nextgeneration.paeria.cat\\\/web\\\/\"},{\"@type\":\"ListItem\",\"position\":2,\"name\":\"Consell T\u00e8cnic\"}]},{\"@type\":\"WebSite\",\"@id\":\"https:\\\/\\\/nextgeneration.paeria.cat\\\/web\\\/#website\",\"url\":\"https:\\\/\\\/nextgeneration.paeria.cat\\\/web\\\/\",\"name\":\"Next Generation Lleida - Propostes de projectes - La Paeria - Ajuntament de Lleida\",\"description\":\"\",\"publisher\":{\"@id\":\"https:\\\/\\\/nextgeneration.paeria.cat\\\/web\\\/#organization\"},\"potentialAction\":[{\"@type\":\"SearchAction\",\"target\":{\"@type\":\"EntryPoint\",\"urlTemplate\":\"https:\\\/\\\/nextgeneration.paeria.cat\\\/web\\\/?s={search_term_string}\"},\"query-input\":{\"@type\":\"PropertyValueSpecification\",\"valueRequired\":true,\"valueName\":\"search_term_string\"}}],\"inLanguage\":\"ca\"},{\"@type\":\"Organization\",\"@id\":\"https:\\\/\\\/nextgeneration.paeria.cat\\\/web\\\/#organization\",\"name\":\"Next Generation Lleida - Propostes de projectes - La Paeria - Ajuntament de Lleida\",\"url\":\"https:\\\/\\\/nextgeneration.paeria.cat\\\/web\\\/\",\"logo\":{\"@type\":\"ImageObject\",\"inLanguage\":\"ca\",\"@id\":\"https:\\\/\\\/nextgeneration.paeria.cat\\\/web\\\/#\\\/schema\\\/logo\\\/image\\\/\",\"url\":\"https:\\\/\\\/nextgeneration.paeria.cat\\\/web\\\/wp-content\\\/uploads\\\/2023\\\/09\\\/cropped-titol.png\",\"contentUrl\":\"https:\\\/\\\/nextgeneration.paeria.cat\\\/web\\\/wp-content\\\/uploads\\\/2023\\\/09\\\/cropped-titol.png\",\"width\":1100,\"height\":220,\"caption\":\"Next Generation Lleida - Propostes de projectes - La Paeria - Ajuntament de Lleida\"},\"image\":{\"@id\":\"https:\\\/\\\/nextgeneration.paeria.cat\\\/web\\\/#\\\/schema\\\/logo\\\/image\\\/\"}}]}<\/script>\n<!-- \/ Yoast SEO plugin. -->","yoast_head_json":{"title":"Consell T\u00e8cnic - Next Generation Lleida - Propostes de projectes - La Paeria - Ajuntament de Lleida","robots":{"index":"index","follow":"follow","max-snippet":"max-snippet:-1","max-image-preview":"max-image-preview:large","max-video-preview":"max-video-preview:-1"},"canonical":"https:\/\/nextgeneration.paeria.cat\/web\/consell-tecnic\/","og_locale":"ca_ES","og_type":"article","og_title":"Consell T\u00e8cnic - Next Generation Lleida - Propostes de projectes - La Paeria - Ajuntament de Lleida","og_description":"Amb l\u2019objectiu d\u2019avan\u00e7ar en aquesta iniciativa clau per a la recuperaci\u00f3 de la ciutat, constituir formalment el Consell T\u00e8cnic Next Generation Lleida, format per les persones seg\u00fcents: El\/La regidora competent en mat\u00e8ria de Next Generation, que ostentar\u00e0 la Presid\u00e8ncia. El\/La Director\/a Executiu\/va o el Coordinador General i Econ\u00f2mic, que substituir\u00e0 la Presid\u00e8ncia en cas d\u2019abs\u00e8ncia. ... Llegiu m\u00e9s","og_url":"https:\/\/nextgeneration.paeria.cat\/web\/consell-tecnic\/","og_site_name":"Next Generation Lleida - Propostes de projectes - La Paeria - Ajuntament de Lleida","article_modified_time":"2024-01-19T12:44:35+00:00","twitter_card":"summary_large_image","twitter_misc":{"Temps estimat de lectura":"1 minut"},"schema":{"@context":"https:\/\/schema.org","@graph":[{"@type":"WebPage","@id":"https:\/\/nextgeneration.paeria.cat\/web\/consell-tecnic\/","url":"https:\/\/nextgeneration.paeria.cat\/web\/consell-tecnic\/","name":"Consell T\u00e8cnic - Next Generation Lleida - Propostes de projectes - La Paeria - Ajuntament de Lleida","isPartOf":{"@id":"https:\/\/nextgeneration.paeria.cat\/web\/#website"},"datePublished":"2021-05-10T13:04:35+00:00","dateModified":"2024-01-19T12:44:35+00:00","breadcrumb":{"@id":"https:\/\/nextgeneration.paeria.cat\/web\/consell-tecnic\/#breadcrumb"},"inLanguage":"ca","potentialAction":[{"@type":"ReadAction","target":["https:\/\/nextgeneration.paeria.cat\/web\/consell-tecnic\/"]}]},{"@type":"BreadcrumbList","@id":"https:\/\/nextgeneration.paeria.cat\/web\/consell-tecnic\/#breadcrumb","itemListElement":[{"@type":"ListItem","position":1,"name":"Inici","item":"https:\/\/nextgeneration.paeria.cat\/web\/"},{"@type":"ListItem","position":2,"name":"Consell T\u00e8cnic"}]},{"@type":"WebSite","@id":"https:\/\/nextgeneration.paeria.cat\/web\/#website","url":"https:\/\/nextgeneration.paeria.cat\/web\/","name":"Next Generation Lleida - Propostes de projectes - La Paeria - Ajuntament de Lleida","description":"","publisher":{"@id":"https:\/\/nextgeneration.paeria.cat\/web\/#organization"},"potentialAction":[{"@type":"SearchAction","target":{"@type":"EntryPoint","urlTemplate":"https:\/\/nextgeneration.paeria.cat\/web\/?s={search_term_string}"},"query-input":{"@type":"PropertyValueSpecification","valueRequired":true,"valueName":"search_term_string"}}],"inLanguage":"ca"},{"@type":"Organization","@id":"https:\/\/nextgeneration.paeria.cat\/web\/#organization","name":"Next Generation Lleida - Propostes de projectes - La Paeria - Ajuntament de Lleida","url":"https:\/\/nextgeneration.paeria.cat\/web\/","logo":{"@type":"ImageObject","inLanguage":"ca","@id":"https:\/\/nextgeneration.paeria.cat\/web\/#\/schema\/logo\/image\/","url":"https:\/\/nextgeneration.paeria.cat\/web\/wp-content\/uploads\/2023\/09\/cropped-titol.png","contentUrl":"https:\/\/nextgeneration.paeria.cat\/web\/wp-content\/uploads\/2023\/09\/cropped-titol.png","width":1100,"height":220,"caption":"Next Generation Lleida - Propostes de projectes - La Paeria - Ajuntament de Lleida"},"image":{"@id":"https:\/\/nextgeneration.paeria.cat\/web\/#\/schema\/logo\/image\/"}}]}},"_links":{"self":[{"href":"https:\/\/nextgeneration.paeria.cat\/web\/wp-json\/wp\/v2\/pages\/715","targetHints":{"allow":["GET"]}}],"collection":[{"href":"https:\/\/nextgeneration.paeria.cat\/web\/wp-json\/wp\/v2\/pages"}],"about":[{"href":"https:\/\/nextgeneration.paeria.cat\/web\/wp-json\/wp\/v2\/types\/page"}],"author":[{"embeddable":true,"href":"https:\/\/nextgeneration.paeria.cat\/web\/wp-json\/wp\/v2\/users\/2"}],"replies":[{"embeddable":true,"href":"https:\/\/nextgeneration.paeria.cat\/web\/wp-json\/wp\/v2\/comments?post=715"}],"version-history":[{"count":60,"href":"https:\/\/nextgeneration.paeria.cat\/web\/wp-json\/wp\/v2\/pages\/715\/revisions"}],"predecessor-version":[{"id":5535,"href":"https:\/\/nextgeneration.paeria.cat\/web\/wp-json\/wp\/v2\/pages\/715\/revisions\/5535"}],"wp:attachment":[{"href":"https:\/\/nextgeneration.paeria.cat\/web\/wp-json\/wp\/v2\/media?parent=715"}],"curies":[{"name":"wp","href":"https:\/\/api.w.org\/{rel}","templated":true}]}}